{"id":47,"date":"2023-02-28T12:38:06","date_gmt":"2023-02-28T11:38:06","guid":{"rendered":"https:\/\/gobeyond-band.de\/?page_id=43"},"modified":"2026-03-03T18:33:49","modified_gmt":"2026-03-03T17:33:49","slug":"kontakt","status":"publish","type":"page","link":"https:\/\/gobeyond-band.de\/index.php\/kontakt\/","title":{"rendered":"Go Beyond &#8211; wie alles anfing"},"content":{"rendered":"\n<h2 class=\"wp-block-heading\">Go Beyond &#8211; wie alles anfing<\/h2>\n\n\n\n<p>Die Band wurde im Sp\u00e4therbst 2022 offiziell gegr\u00fcndet. S\u00e4ngerin Diana und Gitarrist Peter kannten sich schon vorher und hatten gemeinsam musiziert. Anfang Juli 2022 lernte Peter dann eher zuf\u00e4llig den Bassisten Magnus kennen und man fand auf Anhieb gemeinsame Interessen. Wenige Tage sp\u00e4ter musste Magnus aber auch schon sofort ran\u2026 der erste spontane \u00f6ffentliche Live-Gig vor Publikum in K\u00f6ln-Kalk. Es hat zu dritt bereits wunderbar funktioniert. 14 Tage sp\u00e4ter dann der n\u00e4chste gr\u00f6\u00dfere Gig auf einem Event vor Publikum Mitte Juli auf einer Dachterrasse von einem sehr bekannten IT Unternehmen in K\u00f6ln. Das Publikum war schwer begeistert, tanzte, jubelte, klatschte und sang mit. Was f\u00fcr ein super sch\u00f6ner Abend\u2026 Genau, so muss es sein!<br><br>Im September 2022 lernten wir dann unseren Schlagzeuger Dirk kennen. Wow, was f\u00fcr eine gro\u00dfe Bereicherung! Dirk konnten sich unglaublich schnell in unser noch \u00fcberschaubares, kleines Repertoire einarbeiten und mit seinen vielen Erfahrungen und seinem mega Takt- &amp; Feingef\u00fchl so richtig in Form bringen.<br><br>Gesagt, getan, und so spontan und mutig wie wir sind (andere w\u00fcrden sagen \u201ekamikaze\u201c, \u201egr\u00f6\u00dfenwahnsinnig\u201c) haben wir uns bis Mitte September direkt bei \u201eBattle of the Bands\u201c im Jameson Irish Pub in K\u00f6ln angemeldet. Man muss sich ja schlie\u00dflich Ziele setzen, oder???<br><br>Fazit, wir haben uns innerhalb eines halben Jahres damit intensiv besch\u00e4ftigt ein passables Repertoire an Lieder der 80er, 90er und das beste von heute anzueignen. Und siehe da, wir konnten uns live richtig gut beweisen, in dem wir das Publikum begeisterten, mitrissen zum Mitmachen animierten und die Budde zu rocken. Ach herrlich, was war das f\u00fcr ein super sch\u00f6ner, grandioser Abend!<\/p>\n\n\n\n<p>Aber nach dem Spiel, ist vor dem Spiel\u2026, <br><\/p>\n\n\n\n<figure class=\"wp-block-image size-large is-resized\"><img decoding=\"async\" src=\"https:\/\/gobeyond-band.de\/wp-content\/uploads\/2023\/03\/Bob4-1024x768.jpeg\" alt=\"\" class=\"wp-image-70\" style=\"width:568px;height:auto\"\/><\/figure>\n\n\n\n<p>Zwischenzeitlich wurde die Band um Keyboarder Udo erg\u00e4nzt.  In dieser Besetzung folgten weitere Auftritte z.B. auf mehreren Geburtstags- und Firmenfeiern sowie im Freizeitpark Langenfeld folgten .<\/p>\n\n\n\n<p>Den Platz am Schlagzeug hat nun J\u00fcrgen \u00fcbernommen, die dicken Saiten am Bass zupft Martin.<\/p>\n\n\n\n<p>jetzt geht es richtig los!<\/p>\n\n\n\n<figure class=\"wp-block-image size-large\"><img loading=\"lazy\" decoding=\"async\" width=\"1024\" height=\"519\" src=\"https:\/\/gobeyond-band.de\/wp-content\/uploads\/2026\/03\/Band41-1024x519.png\" alt=\"\" class=\"wp-image-14\" srcset=\"https:\/\/gobeyond-band.de\/wp-content\/uploads\/2026\/03\/Band41-1024x519.png 1024w, https:\/\/gobeyond-band.de\/wp-content\/uploads\/2026\/03\/Band41-300x152.png 300w, https:\/\/gobeyond-band.de\/wp-content\/uploads\/2026\/03\/Band41-768x389.png 768w, https:\/\/gobeyond-band.de\/wp-content\/uploads\/2026\/03\/Band41.png 1479w\" sizes=\"auto, (max-width: 1024px) 100vw, 1024px\" \/><\/figure>\n","protected":false},"excerpt":{"rendered":"<p>Go Beyond &#8211; wie alles anfing Die Band wurde im Sp\u00e4therbst 2022 offiziell gegr\u00fcndet. S\u00e4ngerin Diana und Gitarrist Peter kannten sich schon vorher und hatten gemeinsam musiziert. Anfang Juli 2022 lernte Peter dann eher zuf\u00e4llig den Bassisten Magnus kennen und man fand auf Anhieb gemeinsame Interessen. Wenige Tage sp\u00e4ter musste Magnus aber auch schon sofort [&hellip;]<\/p>\n","protected":false},"author":2,"featured_media":0,"parent":0,"menu_order":0,"comment_status":"closed","ping_status":"closed","template":"","meta":{"footnotes":""},"class_list":["post-47","page","type-page","status-publish","hentry"],"_links":{"self":[{"href":"https:\/\/gobeyond-band.de\/index.php\/wp-json\/wp\/v2\/pages\/47","targetHints":{"allow":["GET"]}}],"collection":[{"href":"https:\/\/gobeyond-band.de\/index.php\/wp-json\/wp\/v2\/pages"}],"about":[{"href":"https:\/\/gobeyond-band.de\/index.php\/wp-json\/wp\/v2\/types\/page"}],"author":[{"embeddable":true,"href":"https:\/\/gobeyond-band.de\/index.php\/wp-json\/wp\/v2\/users\/2"}],"replies":[{"embeddable":true,"href":"https:\/\/gobeyond-band.de\/index.php\/wp-json\/wp\/v2\/comments?post=47"}],"version-history":[{"count":1,"href":"https:\/\/gobeyond-band.de\/index.php\/wp-json\/wp\/v2\/pages\/47\/revisions"}],"predecessor-version":[{"id":260,"href":"https:\/\/gobeyond-band.de\/index.php\/wp-json\/wp\/v2\/pages\/47\/revisions\/260"}],"wp:attachment":[{"href":"https:\/\/gobeyond-band.de\/index.php\/wp-json\/wp\/v2\/media?parent=47"}],"curies":[{"name":"wp","href":"https:\/\/api.w.org\/{rel}","templated":true}]}}